{"id":15,"date":"2024-04-29T14:08:30","date_gmt":"2024-04-29T12:08:30","guid":{"rendered":"https:\/\/kitab.willifix.net\/?page_id=15"},"modified":"2024-10-02T14:54:58","modified_gmt":"2024-10-02T12:54:58","slug":"oeffnungszeiten","status":"publish","type":"page","link":"https:\/\/biosphaerenkita.de\/?page_id=15","title":{"rendered":"Konzept"},"content":{"rendered":"\t\t<div data-elementor-type=\"wp-page\" data-elementor-id=\"15\" class=\"elementor elementor-15\">\n\t\t\t\t<div class=\"elementor-element elementor-element-1cff9c0d e-flex e-con-boxed e-con e-parent\" data-id=\"1cff9c0d\" data-element_type=\"container\">\n\t\t\t\t\t<div class=\"e-con-inner\">\n\t\t\t\t<div class=\"elementor-element elementor-element-1652b265 elementor-widget elementor-widget-text-editor\" data-id=\"1652b265\" data-element_type=\"widget\" data-widget_type=\"text-editor.default\">\n\t\t\t\t<div class=\"elementor-widget-container\">\n\t\t\t\t\t\t\t\t\t\n<div class=\"wp-block-group\"><div class=\"wp-block-group__inner-container is-layout-constrained wp-block-group-is-layout-constrained\"><\/div><\/div>\n\t\t\t\t\t\t\t\t<\/div>\n\t\t\t\t<\/div>\n\t\t\t\t\t<\/div>\n\t\t\t\t<\/div>\n\t\t<div class=\"elementor-element elementor-element-941b8bf e-flex e-con-boxed e-con e-parent\" data-id=\"941b8bf\" data-element_type=\"container\">\n\t\t\t\t\t<div class=\"e-con-inner\">\n\t\t\t\t<div class=\"elementor-element elementor-element-215779f elementor-widget__width-inherit e-n-tabs-mobile elementor-widget elementor-widget-n-tabs\" data-id=\"215779f\" data-element_type=\"widget\" data-settings=\"{&quot;tabs_justify_horizontal&quot;:&quot;start&quot;,&quot;horizontal_scroll&quot;:&quot;disable&quot;}\" data-widget_type=\"nested-tabs.default\">\n\t\t\t\t<div class=\"elementor-widget-container\">\n\t\t\t\t\t\t\t<div class=\"e-n-tabs\" data-widget-number=\"34961311\" aria-label=\"Tabs. Open items with Enter or Space, close with Escape and navigate using the Arrow keys.\">\n\t\t\t<div class=\"e-n-tabs-heading\" role=\"tablist\">\n\t\t\t\t\t<button id=\"e-n-tab-title-349613111\" class=\"e-n-tab-title\" aria-selected=\"true\" data-tab-index=\"1\" role=\"tab\" tabindex=\"0\" aria-controls=\"e-n-tab-content-349613111\" style=\"--n-tabs-title-order: 1;\">\n\t\t\t\t\t\t<span class=\"e-n-tab-title-text\">\n\t\t\t\tBewegung\t\t\t<\/span>\n\t\t<\/button>\n\t\t\t\t<button id=\"e-n-tab-title-349613112\" class=\"e-n-tab-title\" aria-selected=\"false\" data-tab-index=\"2\" role=\"tab\" tabindex=\"-1\" aria-controls=\"e-n-tab-content-349613112\" style=\"--n-tabs-title-order: 2;\">\n\t\t\t\t\t\t<span class=\"e-n-tab-title-text\">\n\t\t\t\tSprache\t\t\t<\/span>\n\t\t<\/button>\n\t\t\t\t<button id=\"e-n-tab-title-349613113\" class=\"e-n-tab-title\" aria-selected=\"false\" data-tab-index=\"3\" role=\"tab\" tabindex=\"-1\" aria-controls=\"e-n-tab-content-349613113\" style=\"--n-tabs-title-order: 3;\">\n\t\t\t\t\t\t<span class=\"e-n-tab-title-text\">\n\t\t\t\tGestalten\t\t\t<\/span>\n\t\t<\/button>\n\t\t\t\t<button id=\"e-n-tab-title-349613114\" class=\"e-n-tab-title\" aria-selected=\"false\" data-tab-index=\"4\" role=\"tab\" tabindex=\"-1\" aria-controls=\"e-n-tab-content-349613114\" style=\"--n-tabs-title-order: 4;\">\n\t\t\t\t\t\t<span class=\"e-n-tab-title-text\">\n\t\t\t\tMusik\t\t\t<\/span>\n\t\t<\/button>\n\t\t\t\t<button id=\"e-n-tab-title-349613115\" class=\"e-n-tab-title\" aria-selected=\"false\" data-tab-index=\"5\" role=\"tab\" tabindex=\"-1\" aria-controls=\"e-n-tab-content-349613115\" style=\"--n-tabs-title-order: 5;\">\n\t\t\t\t\t\t<span class=\"e-n-tab-title-text\">\n\t\t\t\tMathematik\t\t\t<\/span>\n\t\t<\/button>\n\t\t\t\t<button id=\"e-n-tab-title-349613116\" class=\"e-n-tab-title\" aria-selected=\"false\" data-tab-index=\"6\" role=\"tab\" tabindex=\"-1\" aria-controls=\"e-n-tab-content-349613116\" style=\"--n-tabs-title-order: 6;\">\n\t\t\t\t\t\t<span class=\"e-n-tab-title-text\">\n\t\t\t\tNaturwissenschaft\t\t\t<\/span>\n\t\t<\/button>\n\t\t\t\t<button id=\"e-n-tab-title-349613117\" class=\"e-n-tab-title\" aria-selected=\"false\" data-tab-index=\"7\" role=\"tab\" tabindex=\"-1\" aria-controls=\"e-n-tab-content-349613117\" style=\"--n-tabs-title-order: 7;\">\n\t\t\t\t\t\t<span class=\"e-n-tab-title-text\">\n\t\t\t\tKultur\t\t\t<\/span>\n\t\t<\/button>\n\t\t\t\t\t<\/div>\n\t\t\t<div class=\"e-n-tabs-content\">\n\t\t\t\t<div id=\"e-n-tab-content-349613111\" role=\"tabpanel\" aria-labelledby=\"e-n-tab-title-349613111\" data-tab-index=\"1\" style=\"--n-tabs-title-order: 1;\" class=\"e-active elementor-element elementor-element-3f271fd e-con-full e-flex e-con e-child\" data-id=\"3f271fd\" data-element_type=\"container\">\n\t\t\t\t<div class=\"elementor-element elementor-element-34367b0 elementor-widget elementor-widget-heading\" data-id=\"34367b0\" data-element_type=\"widget\" data-widget_type=\"heading.default\">\n\t\t\t\t<div class=\"elementor-widget-container\">\n\t\t\t\t\t<h5 class=\"elementor-heading-title elementor-size-default\">K\u00f6rper, Bewegung und Gesundheit<\/h5>\t\t\t\t<\/div>\n\t\t\t\t<\/div>\n\t\t\t\t<div class=\"elementor-element elementor-element-99e1e55 elementor-widget elementor-widget-text-editor\" data-id=\"99e1e55\" data-element_type=\"widget\" data-widget_type=\"text-editor.default\">\n\t\t\t\t<div class=\"elementor-widget-container\">\n\t\t\t\t\t\t\t\t\t<p><img fetchpriority=\"high\" decoding=\"async\" class=\"alignleft wp-image-248 size-medium\" src=\"https:\/\/biosphaerenkita.de\/wp-content\/uploads\/2024\/10\/AdobeStock_229647792-300x220.jpeg\" alt=\"\" width=\"300\" height=\"220\" srcset=\"https:\/\/biosphaerenkita.de\/wp-content\/uploads\/2024\/10\/AdobeStock_229647792-300x220.jpeg 300w, https:\/\/biosphaerenkita.de\/wp-content\/uploads\/2024\/10\/AdobeStock_229647792-1024x752.jpeg 1024w, https:\/\/biosphaerenkita.de\/wp-content\/uploads\/2024\/10\/AdobeStock_229647792-768x564.jpeg 768w, https:\/\/biosphaerenkita.de\/wp-content\/uploads\/2024\/10\/AdobeStock_229647792-1536x1127.jpeg 1536w, https:\/\/biosphaerenkita.de\/wp-content\/uploads\/2024\/10\/AdobeStock_229647792-2048x1503.jpeg 2048w\" sizes=\"(max-width: 300px) 100vw, 300px\" \/><\/p>\n<p data-wp-editing=\"1\">In der kath. Kita Mari\u00e4 Himmelfahrt legen wir gro\u00dfen Wert auf die k\u00f6rperliche Gesundheit der Kinder. Die Kita verf\u00fcgt \u00fcber einen eigenen Koch, der t\u00e4glich frische und regionale Mahlzeiten zubereitet. Die Kinder haben die M\u00f6glichkeit, bei der Zubereitung der Speisen zu helfen, lernen dabei den Umgang mit Lebensmitteln und entwickeln fr\u00fchzeitig ein Bewusstsein f\u00fcr gesunde Ern\u00e4hrung. Bewegung ist ein zentraler Bestandteil des Alltags, sei es durch den regelm\u00e4\u00dfigen Aufenthalt im Au\u00dfenbereich, Spazierg\u00e4nge in der Umgebung oder Aktivit\u00e4ten in der hauseigenen Turnhalle. Ein besonderes Highlight sind die regelm\u00e4\u00dfigen Erkundungstouren in die Natur rund um die Kita, wo die Kinder den Bliesgau und Wiesen entdecken. Hierbei wird nicht nur die motorische Entwicklung gef\u00f6rdert, sondern auch der Bezug zur Natur gest\u00e4rkt.<\/p>\t\t\t\t\t\t\t\t<\/div>\n\t\t\t\t<\/div>\n\t\t\t\t<\/div>\n\t\t<div id=\"e-n-tab-content-349613112\" role=\"tabpanel\" aria-labelledby=\"e-n-tab-title-349613112\" data-tab-index=\"2\" style=\"--n-tabs-title-order: 2;\" class=\" elementor-element elementor-element-a75ed95 e-con-full e-flex e-con e-child\" data-id=\"a75ed95\" data-element_type=\"container\">\n\t\t\t\t<div class=\"elementor-element elementor-element-20a01ab elementor-widget elementor-widget-heading\" data-id=\"20a01ab\" data-element_type=\"widget\" data-widget_type=\"heading.default\">\n\t\t\t\t<div class=\"elementor-widget-container\">\n\t\t\t\t\t<h5 class=\"elementor-heading-title elementor-size-default\">Sprache und Kommunikation<\/h5>\t\t\t\t<\/div>\n\t\t\t\t<\/div>\n\t\t\t\t<div class=\"elementor-element elementor-element-e07607d elementor-widget elementor-widget-text-editor\" data-id=\"e07607d\" data-element_type=\"widget\" data-widget_type=\"text-editor.default\">\n\t\t\t\t<div class=\"elementor-widget-container\">\n\t\t\t\t\t\t\t\t\t<p><img decoding=\"async\" class=\"size-medium wp-image-240 alignleft\" src=\"https:\/\/biosphaerenkita.de\/wp-content\/uploads\/2024\/10\/AdobeStock_31703089-300x187.jpeg\" alt=\"\" width=\"300\" height=\"187\" srcset=\"https:\/\/biosphaerenkita.de\/wp-content\/uploads\/2024\/10\/AdobeStock_31703089-300x187.jpeg 300w, https:\/\/biosphaerenkita.de\/wp-content\/uploads\/2024\/10\/AdobeStock_31703089-1024x638.jpeg 1024w, https:\/\/biosphaerenkita.de\/wp-content\/uploads\/2024\/10\/AdobeStock_31703089-768x479.jpeg 768w, https:\/\/biosphaerenkita.de\/wp-content\/uploads\/2024\/10\/AdobeStock_31703089-1536x957.jpeg 1536w, https:\/\/biosphaerenkita.de\/wp-content\/uploads\/2024\/10\/AdobeStock_31703089-2048x1276.jpeg 2048w\" sizes=\"(max-width: 300px) 100vw, 300px\" \/>In der kath. Kita Mari\u00e4 Himmelfahrt spielt Sprache und Kommunikation eine zentrale Rolle im p\u00e4dagogischen Alltag. Kinder lernen, ihre Gedanken, W\u00fcnsche und Gef\u00fchle klar auszudr\u00fccken und entwickeln sprachliche Kompetenzen durch eine Vielzahl von Angeboten. Ein fester Bestandteil des Tagesablaufs ist das gemeinsame Singen. Hierbei lernen die Kinder nicht nur neue W\u00f6rter und Melodien, sondern auch die Freude am sprachlichen Ausdruck. Die Lieder umfassen religi\u00f6se, jahreszeitliche und p\u00e4dagogische Themen und f\u00f6rdern die Sprachentwicklung sowie das musikalische Geh\u00f6r. Bei Projekten und im Alltag haben die Kinder die M\u00f6glichkeit, ihre Erlebnisse und Gedanken mit der Gruppe zu teilen. Sie lernen, aktiv zuzuh\u00f6ren, sich zu beteiligen und mit anderen \u00fcber Themen wie die Natur, ihre Familie oder aktuelle Ereignisse zu sprechen. Der Austausch f\u00f6rdert die Sprachf\u00e4higkeit und das Verst\u00e4ndnis f\u00fcr andere Perspektiven. Diese vielf\u00e4ltigen Angebote f\u00f6rdern die Sprachentwicklung der Kinder auf eine ganzheitliche und freudvolle Weise und erm\u00f6glichen ihnen, sich sicher und klar zu verst\u00e4ndigen.<\/p>\t\t\t\t\t\t\t\t<\/div>\n\t\t\t\t<\/div>\n\t\t\t\t<\/div>\n\t\t<div id=\"e-n-tab-content-349613113\" role=\"tabpanel\" aria-labelledby=\"e-n-tab-title-349613113\" data-tab-index=\"3\" style=\"--n-tabs-title-order: 3;\" class=\" elementor-element elementor-element-1d7dc48 e-con-full e-flex e-con e-child\" data-id=\"1d7dc48\" data-element_type=\"container\">\n\t\t\t\t<div class=\"elementor-element elementor-element-9f0aa4d elementor-widget elementor-widget-heading\" data-id=\"9f0aa4d\" data-element_type=\"widget\" data-widget_type=\"heading.default\">\n\t\t\t\t<div class=\"elementor-widget-container\">\n\t\t\t\t\t<h5 class=\"elementor-heading-title elementor-size-default\">Bildnerisches Gestalten und Medien<\/h5>\t\t\t\t<\/div>\n\t\t\t\t<\/div>\n\t\t\t\t<div class=\"elementor-element elementor-element-d012197 elementor-widget elementor-widget-text-editor\" data-id=\"d012197\" data-element_type=\"widget\" data-widget_type=\"text-editor.default\">\n\t\t\t\t<div class=\"elementor-widget-container\">\n\t\t\t\t\t\t\t\t\t<p><img decoding=\"async\" class=\"alignleft wp-image-206 size-medium\" src=\"https:\/\/biosphaerenkita.de\/wp-content\/uploads\/2024\/10\/AdobeStock_93073620-300x200.jpeg\" alt=\"\" width=\"300\" height=\"200\" data-wp-editing=\"1\" srcset=\"https:\/\/biosphaerenkita.de\/wp-content\/uploads\/2024\/10\/AdobeStock_93073620-300x200.jpeg 300w, https:\/\/biosphaerenkita.de\/wp-content\/uploads\/2024\/10\/AdobeStock_93073620-1024x683.jpeg 1024w, https:\/\/biosphaerenkita.de\/wp-content\/uploads\/2024\/10\/AdobeStock_93073620-768x512.jpeg 768w, https:\/\/biosphaerenkita.de\/wp-content\/uploads\/2024\/10\/AdobeStock_93073620-1536x1024.jpeg 1536w, https:\/\/biosphaerenkita.de\/wp-content\/uploads\/2024\/10\/AdobeStock_93073620-2048x1365.jpeg 2048w\" sizes=\"(max-width: 300px) 100vw, 300px\" \/><\/p>\n<p>Kreativit\u00e4t spielt in der kath. Kita Mari\u00e4 Himmelfahrt eine zentrale Rolle. Im eigenen Atelier k\u00f6nnen die Kinder mit verschiedensten Materialien wie Ton, Farben, Papier oder Naturmaterialien experimentieren. Ein besonderes Projekt ist die Gestaltung des Biosph\u00e4rengartens, bei dem die Kinder nicht nur praktisch mithelfen, sondern auch ihre k\u00fcnstlerischen Ideen einbringen. Sie gestalten z. B. Schilder f\u00fcr die Beete oder bauen einen Lebensturm. Digitale Medien wie PCs werden regelm\u00e4\u00dfig zum Recherchieren von verschieden Themen genutzt.\u00a0<\/p>\t\t\t\t\t\t\t\t<\/div>\n\t\t\t\t<\/div>\n\t\t\t\t<\/div>\n\t\t<div id=\"e-n-tab-content-349613114\" role=\"tabpanel\" aria-labelledby=\"e-n-tab-title-349613114\" data-tab-index=\"4\" style=\"--n-tabs-title-order: 4;\" class=\" elementor-element elementor-element-ef9c4be e-flex e-con-boxed e-con e-child\" data-id=\"ef9c4be\" data-element_type=\"container\">\n\t\t\t\t\t<div class=\"e-con-inner\">\n\t\t\t\t<div class=\"elementor-element elementor-element-794b63c elementor-widget elementor-widget-heading\" data-id=\"794b63c\" data-element_type=\"widget\" data-widget_type=\"heading.default\">\n\t\t\t\t<div class=\"elementor-widget-container\">\n\t\t\t\t\t<h5 class=\"elementor-heading-title elementor-size-default\">Musik<\/h5>\t\t\t\t<\/div>\n\t\t\t\t<\/div>\n\t\t\t\t<div class=\"elementor-element elementor-element-f58084d elementor-widget elementor-widget-text-editor\" data-id=\"f58084d\" data-element_type=\"widget\" data-widget_type=\"text-editor.default\">\n\t\t\t\t<div class=\"elementor-widget-container\">\n\t\t\t\t\t\t\t\t\t<p><img loading=\"lazy\" decoding=\"async\" class=\"size-medium wp-image-232 alignleft\" src=\"https:\/\/biosphaerenkita.de\/wp-content\/uploads\/2024\/10\/AdobeStock_581738469-300x200.jpeg\" alt=\"\" width=\"300\" height=\"200\" srcset=\"https:\/\/biosphaerenkita.de\/wp-content\/uploads\/2024\/10\/AdobeStock_581738469-300x200.jpeg 300w, https:\/\/biosphaerenkita.de\/wp-content\/uploads\/2024\/10\/AdobeStock_581738469-1024x683.jpeg 1024w, https:\/\/biosphaerenkita.de\/wp-content\/uploads\/2024\/10\/AdobeStock_581738469-768x512.jpeg 768w, https:\/\/biosphaerenkita.de\/wp-content\/uploads\/2024\/10\/AdobeStock_581738469-1536x1024.jpeg 1536w, https:\/\/biosphaerenkita.de\/wp-content\/uploads\/2024\/10\/AdobeStock_581738469-2048x1365.jpeg 2048w\" sizes=\"(max-width: 300px) 100vw, 300px\" \/>Die musikalische Bildung wird in der Kita durch eine eigene Musikgruppe gef\u00f6rdert, die regelm\u00e4\u00dfig von engagierten Eltern unterst\u00fctzt wird. Kinder haben die M\u00f6glichkeit, verschiedene Instrumente auszuprobieren und lernen durch gemeinsames Musizieren Rhythmusgef\u00fchl und musikalisches Geh\u00f6r. Es werden auch religi\u00f6se Lieder gesungen, die im Kontext der kirchlichen Feste eine wichtige Rolle spielen.\u00a0<\/p>\n<p>\u00a0<\/p>\t\t\t\t\t\t\t\t<\/div>\n\t\t\t\t<\/div>\n\t\t\t\t\t<\/div>\n\t\t\t\t<\/div>\n\t\t<div id=\"e-n-tab-content-349613115\" role=\"tabpanel\" aria-labelledby=\"e-n-tab-title-349613115\" data-tab-index=\"5\" style=\"--n-tabs-title-order: 5;\" class=\" elementor-element elementor-element-e7c05b9 e-flex e-con-boxed e-con e-child\" data-id=\"e7c05b9\" data-element_type=\"container\">\n\t\t\t\t\t<div class=\"e-con-inner\">\n\t\t\t\t<div class=\"elementor-element elementor-element-cd4bc46 elementor-widget elementor-widget-heading\" data-id=\"cd4bc46\" data-element_type=\"widget\" data-widget_type=\"heading.default\">\n\t\t\t\t<div class=\"elementor-widget-container\">\n\t\t\t\t\t<h5 class=\"elementor-heading-title elementor-size-default\">Mathematisches Verst\u00e4ndnis<\/h5>\t\t\t\t<\/div>\n\t\t\t\t<\/div>\n\t\t\t\t<div class=\"elementor-element elementor-element-fa5d67d elementor-widget elementor-widget-text-editor\" data-id=\"fa5d67d\" data-element_type=\"widget\" data-widget_type=\"text-editor.default\">\n\t\t\t\t<div class=\"elementor-widget-container\">\n\t\t\t\t\t\t\t\t\t<p><img loading=\"lazy\" decoding=\"async\" class=\"alignleft wp-image-236 size-medium\" src=\"https:\/\/biosphaerenkita.de\/wp-content\/uploads\/2024\/10\/AdobeStock_286991927-300x200.jpeg\" alt=\"\" width=\"300\" height=\"200\" srcset=\"https:\/\/biosphaerenkita.de\/wp-content\/uploads\/2024\/10\/AdobeStock_286991927-300x200.jpeg 300w, https:\/\/biosphaerenkita.de\/wp-content\/uploads\/2024\/10\/AdobeStock_286991927-1024x683.jpeg 1024w, https:\/\/biosphaerenkita.de\/wp-content\/uploads\/2024\/10\/AdobeStock_286991927-768x512.jpeg 768w, https:\/\/biosphaerenkita.de\/wp-content\/uploads\/2024\/10\/AdobeStock_286991927-1536x1024.jpeg 1536w\" sizes=\"(max-width: 300px) 100vw, 300px\" \/><\/p>\n<p>Mathematische Grundlagen werden in der Kita auf spielerische Weise vermittelt. Beim Spielen mit Baukl\u00f6tzen, Puzzlen oder Sortierspielen lernen die Kinder geometrische Formen, Zahlen und Mengen kennen. Diese Kompetenzen werden auch im Alltag gef\u00f6rdert, etwa beim Tischdecken, wenn die Kinder helfen, Mengen abzusch\u00e4tzen oder Gegenst\u00e4nde zu z\u00e4hlen.<\/p>\n<p>\u00a0<\/p>\t\t\t\t\t\t\t\t<\/div>\n\t\t\t\t<\/div>\n\t\t\t\t\t<\/div>\n\t\t\t\t<\/div>\n\t\t<div id=\"e-n-tab-content-349613116\" role=\"tabpanel\" aria-labelledby=\"e-n-tab-title-349613116\" data-tab-index=\"6\" style=\"--n-tabs-title-order: 6;\" class=\" elementor-element elementor-element-1a4f67c e-flex e-con-boxed e-con e-child\" data-id=\"1a4f67c\" data-element_type=\"container\">\n\t\t\t\t\t<div class=\"e-con-inner\">\n\t\t\t\t<div class=\"elementor-element elementor-element-efba202 elementor-widget elementor-widget-heading\" data-id=\"efba202\" data-element_type=\"widget\" data-widget_type=\"heading.default\">\n\t\t\t\t<div class=\"elementor-widget-container\">\n\t\t\t\t\t<h5 class=\"elementor-heading-title elementor-size-default\">Naturwissenschaftliches Arbeiten<\/h5>\t\t\t\t<\/div>\n\t\t\t\t<\/div>\n\t\t\t\t<div class=\"elementor-element elementor-element-8ff777f elementor-widget elementor-widget-text-editor\" data-id=\"8ff777f\" data-element_type=\"widget\" data-widget_type=\"text-editor.default\">\n\t\t\t\t<div class=\"elementor-widget-container\">\n\t\t\t\t\t\t\t\t\t<p><img loading=\"lazy\" decoding=\"async\" class=\"wp-image-268 size-medium alignleft\" src=\"https:\/\/biosphaerenkita.de\/wp-content\/uploads\/2024\/10\/AdobeStock_422291538-300x200.jpeg\" alt=\"\" width=\"300\" height=\"200\" srcset=\"https:\/\/biosphaerenkita.de\/wp-content\/uploads\/2024\/10\/AdobeStock_422291538-300x200.jpeg 300w, https:\/\/biosphaerenkita.de\/wp-content\/uploads\/2024\/10\/AdobeStock_422291538-1024x682.jpeg 1024w, https:\/\/biosphaerenkita.de\/wp-content\/uploads\/2024\/10\/AdobeStock_422291538-768x511.jpeg 768w, https:\/\/biosphaerenkita.de\/wp-content\/uploads\/2024\/10\/AdobeStock_422291538-1536x1022.jpeg 1536w, https:\/\/biosphaerenkita.de\/wp-content\/uploads\/2024\/10\/AdobeStock_422291538-2048x1363.jpeg 2048w\" sizes=\"(max-width: 300px) 100vw, 300px\" \/>Die Kita befindet sich im Aufbau eines eigenen Biosph\u00e4rengartens, der ein zentrales Element der naturwissenschaftlichen Bildung darstellt. Die Kinder pflanzen Gem\u00fcse, pflegen Blumen und bauen einen Lebensturm f\u00fcr Tiere. Gemeinsam mit den Erziehern forschen und experimentieren sie: Sie untersuchen das Wachstum von Pflanzen, f\u00fchren einfache Experimente mit Wasser und Erde durch oder beobachten Insekten in der Natur.\u00a0<\/p>\n<p>Zudem finden regelm\u00e4\u00dfige Exkursionen in die Umgebung statt, bei denen die Kinder ihre Umwelt erforschen. Sie sammeln Bl\u00e4tter, Steine und bringen diese in die Kita zur\u00fcck, um sie dort genauer zu untersuchen.<\/p>\t\t\t\t\t\t\t\t<\/div>\n\t\t\t\t<\/div>\n\t\t\t\t\t<\/div>\n\t\t\t\t<\/div>\n\t\t<div id=\"e-n-tab-content-349613117\" role=\"tabpanel\" aria-labelledby=\"e-n-tab-title-349613117\" data-tab-index=\"7\" style=\"--n-tabs-title-order: 7;\" class=\" elementor-element elementor-element-8c31496 e-flex e-con-boxed e-con e-child\" data-id=\"8c31496\" data-element_type=\"container\">\n\t\t\t\t\t<div class=\"e-con-inner\">\n\t\t\t\t<div class=\"elementor-element elementor-element-875773c elementor-widget elementor-widget-heading\" data-id=\"875773c\" data-element_type=\"widget\" data-widget_type=\"heading.default\">\n\t\t\t\t<div class=\"elementor-widget-container\">\n\t\t\t\t\t<h5 class=\"elementor-heading-title elementor-size-default\">Soziale und Kulturelle Bildung<\/h5>\t\t\t\t<\/div>\n\t\t\t\t<\/div>\n\t\t\t\t<div class=\"elementor-element elementor-element-2d9121c elementor-widget elementor-widget-text-editor\" data-id=\"2d9121c\" data-element_type=\"widget\" data-widget_type=\"text-editor.default\">\n\t\t\t\t<div class=\"elementor-widget-container\">\n\t\t\t\t\t\t\t\t\t<p><img loading=\"lazy\" decoding=\"async\" class=\"size-medium wp-image-244 alignleft\" src=\"https:\/\/biosphaerenkita.de\/wp-content\/uploads\/2024\/10\/AdobeStock_644466947-300x200.jpeg\" alt=\"\" width=\"300\" height=\"200\" srcset=\"https:\/\/biosphaerenkita.de\/wp-content\/uploads\/2024\/10\/AdobeStock_644466947-300x200.jpeg 300w, https:\/\/biosphaerenkita.de\/wp-content\/uploads\/2024\/10\/AdobeStock_644466947-1024x683.jpeg 1024w, https:\/\/biosphaerenkita.de\/wp-content\/uploads\/2024\/10\/AdobeStock_644466947-768x512.jpeg 768w, https:\/\/biosphaerenkita.de\/wp-content\/uploads\/2024\/10\/AdobeStock_644466947-1536x1024.jpeg 1536w, https:\/\/biosphaerenkita.de\/wp-content\/uploads\/2024\/10\/AdobeStock_644466947-2048x1366.jpeg 2048w\" sizes=\"(max-width: 300px) 100vw, 300px\" \/>Die Kita Mari\u00e4 Himmelfahrt arbeitet eng mit verschiedenen Vereinen, der Feuerwehr und der Kirche zusammen, um den Kindern soziale und kulturelle Werte zu vermitteln. Feste und Veranstaltungen wie das Sommerfest, Erntedank oder der St. Martinsumzug spielen eine wichtige Rolle im Kita-Jahr. Die Kinder lernen, in einer Gemeinschaft zu leben, Aufgaben zu \u00fcbernehmen und Konflikte friedlich zu l\u00f6sen. Christliche Werte, insbesondere der Schutz der Natur im Sinne von Franz von Assisi, pr\u00e4gen den Kita-Alltag.\u00a0<\/p>\n<p>\u00a0<\/p>\n<p>Diese vielf\u00e4ltigen Bildungsbereiche spiegeln die ganzheitliche p\u00e4dagogische Ausrichtung der kath. Kita Mari\u00e4 Himmelfahrt wider und schaffen f\u00fcr die Kinder einen Rahmen, in dem sie sich auf allen Ebenen \u2013 k\u00f6rperlich, geistig, sozial und emotional \u2013 entwickeln k\u00f6nnen.<\/p>\t\t\t\t\t\t\t\t<\/div>\n\t\t\t\t<\/div>\n\t\t\t\t\t<\/div>\n\t\t\t\t<\/div>\n\t\t\t\t\t<\/div>\n\t\t<\/div>\n\t\t\t\t\t\t<\/div>\n\t\t\t\t<\/div>\n\t\t\t\t\t<\/div>\n\t\t\t\t<\/div>\n\t\t\t\t<\/div>\n\t\t","protected":false},"excerpt":{"rendered":"<p>Bewegung Sprache Gestalten Musik Mathematik Naturwissenschaft Kultur K\u00f6rper, Bewegung und Gesundheit In der kath. Kita Mari\u00e4 Himmelfahrt legen wir gro\u00dfen Wert auf die k\u00f6rperliche Gesundheit der Kinder. Die Kita verf\u00fcgt \u00fcber einen eigenen Koch, der t\u00e4glich frische und regionale Mahlzeiten zubereitet. Die Kinder haben die M\u00f6glichkeit, bei der Zubereitung der [&hellip;]<\/p>\n","protected":false},"author":1,"featured_media":0,"parent":0,"menu_order":0,"comment_status":"closed","ping_status":"closed","template":"","meta":{"footnotes":""},"class_list":["post-15","page","type-page","status-publish","hentry"],"_links":{"self":[{"href":"https:\/\/biosphaerenkita.de\/index.php?rest_route=\/wp\/v2\/pages\/15","targetHints":{"allow":["GET"]}}],"collection":[{"href":"https:\/\/biosphaerenkita.de\/index.php?rest_route=\/wp\/v2\/pages"}],"about":[{"href":"https:\/\/biosphaerenkita.de\/index.php?rest_route=\/wp\/v2\/types\/page"}],"author":[{"embeddable":true,"href":"https:\/\/biosphaerenkita.de\/index.php?rest_route=\/wp\/v2\/users\/1"}],"replies":[{"embeddable":true,"href":"https:\/\/biosphaerenkita.de\/index.php?rest_route=%2Fwp%2Fv2%2Fcomments&post=15"}],"version-history":[{"count":65,"href":"https:\/\/biosphaerenkita.de\/index.php?rest_route=\/wp\/v2\/pages\/15\/revisions"}],"predecessor-version":[{"id":277,"href":"https:\/\/biosphaerenkita.de\/index.php?rest_route=\/wp\/v2\/pages\/15\/revisions\/277"}],"wp:attachment":[{"href":"https:\/\/biosphaerenkita.de\/index.php?rest_route=%2Fwp%2Fv2%2Fmedia&parent=15"}],"curies":[{"name":"wp","href":"https:\/\/api.w.org\/{rel}","templated":true}]}}