{"id":17,"date":"2024-04-29T14:08:50","date_gmt":"2024-04-29T12:08:50","guid":{"rendered":"https:\/\/kitab.willifix.net\/?page_id=17"},"modified":"2025-04-04T13:29:33","modified_gmt":"2025-04-04T11:29:33","slug":"kontakt","status":"publish","type":"page","link":"https:\/\/biosphaerenkita.de\/?page_id=17","title":{"rendered":"Kontakt"},"content":{"rendered":"\t\t<div data-elementor-type=\"wp-page\" data-elementor-id=\"17\" class=\"elementor elementor-17\">\n\t\t\t\t<div class=\"elementor-element elementor-element-1149d26e e-flex e-con-boxed e-con e-parent\" data-id=\"1149d26e\" data-element_type=\"container\">\n\t\t\t\t\t<div class=\"e-con-inner\">\n\t\t\t\t<div class=\"elementor-element elementor-element-6456ba88 elementor-widget elementor-widget-text-editor\" data-id=\"6456ba88\" data-element_type=\"widget\" data-widget_type=\"text-editor.default\">\n\t\t\t\t<div class=\"elementor-widget-container\">\n\t\t\t\t\t\t\t\t\t\n<p style=\"text-decoration: underline;\"><strong>Tr\u00e4ger<\/strong><\/p>\n\n<p>Katholische kirchengemeinde<br \/>Heiliger Franz von Assisi<\/p>\n\n<p style=\"text-decoration: underline;\"><strong>Vertreten durch<\/strong><\/p>\n\n<p>Pfarrer Pater Hieronim Jopek; OFMConv.<br \/>Tr\u00e4gerbeauftragter: Gehard ter Braak<\/p>\n\n<p style=\"text-decoration: underline;\"><strong>Adresse<\/strong><br \/><style type=\"text\/css\">p { line-height: 115%; text-align: left; orphans: 2; widows: 2; margin-bottom: 0.25cm; direction: ltr; background: transparent }a:link { color: #0563c1; text-decoration: underline }&amp;amp;amp;amp;amp;amp;amp;amp;amp;amp;lt;br>&amp;amp;amp;amp;amp;amp;amp;amp;amp;amp;lt;font color=\"#2075d8\">&amp;amp;amp;amp;amp;amp;amp;amp;amp;amp;lt;font face=\"Calibri Light, serif\">&amp;amp;amp;amp;amp;amp;amp;amp;amp;amp;lt;font size=\"3\" style=\"font-size: 12pt\">&amp;amp;amp;amp;amp;amp;amp;amp;amp;amp;lt;b>Tr\u00e4ger Heiliger Franz von Assis Blieskastel &amp;amp;amp;amp;amp;amp;amp;amp;amp;amp;lt;\/b>&amp;amp;amp;amp;amp;amp;amp;amp;amp;amp;lt;\/font>&amp;amp;amp;amp;amp;amp;amp;amp;amp;amp;lt;\/font>&amp;amp;amp;amp;amp;amp;amp;amp;amp;amp;lt;\/font>&amp;amp;amp;amp;amp;amp;amp;amp;amp;amp;lt;br>&amp;amp;amp;amp;amp;amp;amp;amp;amp;amp;lt;br>&amp;amp;amp;amp;amp;amp;amp;amp;amp;amp;lt;font color=\"#323335\">&amp;amp;amp;amp;amp;amp;amp;amp;amp;amp;lt;font face=\"Calibri Light, serif\">&amp;amp;amp;amp;amp;amp;amp;amp;amp;amp;lt;font size=\"3\" style=\"font-size: 12pt\">Katholische Kirchengemeinde&amp;amp;amp;amp;amp;amp;amp;amp;amp;amp;lt;\/font>&amp;amp;amp;amp;amp;amp;amp;amp;amp;amp;lt;\/font>&amp;amp;amp;amp;amp;amp;amp;amp;amp;amp;lt;\/font><\/style><\/p>\n\n<p>Schlo\u00dfbergstra\u00dfe 47<br \/>66440 Blieskastel<\/p>\n\n<p style=\"text-decoration: underline;\"><strong>Kontakt<\/strong><\/p>\n\n<p>Telefon: 06842 \/ 70869 53<br \/>Fax: 06842 \/ 70869 55<\/p>\n\n<p>Email: <a href=\"info@biosphaerenkita.de\">info@biosphaerenkita.de<\/a><\/p>\n\n<p style=\"text-decoration: underline;\"><strong>Haftungshinweis:<\/strong><\/p>\n\n<p>Der gesamte Inhalt der Website ist urheberrechtlich gesch\u00fctzt.<br \/>Alle Angaben auf unserer Website sind unverbindlich. Jede Haftung f\u00fcr die Richtigkeit und Vollst\u00e4ndigkeit der Informationen ist ausgeschlossen.<br \/>Trotz sorgf\u00e4ltiger Kontrolle \u00fcbernehmen wir keine Haftung f\u00fcr die Inhalte externer Links. F\u00fcr den Inhalt der verlinkten Seiten sind ausschlie\u00dflich deren Betreiber verantwortlich. Sollten sich Fehler in unsere Website eingeschlichen haben oder Links nicht zum gew\u00fcnschten Ziel f\u00fchren, bitten wir Sie, sich mit Ihren Anregungen, Ideen oder Kritik an uns zu wenden (E-Mail:\u00a0kita.assweiler@bistum-speyer.de),<br \/>damit wir diese bei der Aktualisierung und Weiterentwicklung unserer Website ber\u00fccksichtigen k\u00f6nnen.<\/p>\n\n<p style=\"text-decoration: underline;\"><a href=\"https:\/\/kitab.willifix.net\/?page_id=3\" data-type=\"page\" data-id=\"3\">Datenschutzerkl\u00e4rung<\/a><\/p>\n\n<p>\u00a0<\/p>\n\t\t\t\t\t\t\t\t<\/div>\n\t\t\t\t<\/div>\n\t\t\t\t\t<\/div>\n\t\t\t\t<\/div>\n\t\t\t\t<\/div>\n\t\t","protected":false},"excerpt":{"rendered":"<p>Tr\u00e4ger Katholische kirchengemeindeHeiliger Franz von Assisi Vertreten durch Pfarrer Pater Hieronim Jopek; OFMConv.Tr\u00e4gerbeauftragter: Gehard ter Braak Adresse Schlo\u00dfbergstra\u00dfe 4766440 Blieskastel Kontakt Telefon: 06842 \/ 70869 53Fax: 06842 \/ 70869 55 Email: info@biosphaerenkita.de Haftungshinweis: Der gesamte Inhalt der Website ist urheberrechtlich gesch\u00fctzt.Alle Angaben auf unserer Website sind unverbindlich. Jede Haftung f\u00fcr [&hellip;]<\/p>\n","protected":false},"author":1,"featured_media":0,"parent":0,"menu_order":0,"comment_status":"closed","ping_status":"closed","template":"","meta":{"footnotes":""},"class_list":["post-17","page","type-page","status-publish","hentry"],"_links":{"self":[{"href":"https:\/\/biosphaerenkita.de\/index.php?rest_route=\/wp\/v2\/pages\/17","targetHints":{"allow":["GET"]}}],"collection":[{"href":"https:\/\/biosphaerenkita.de\/index.php?rest_route=\/wp\/v2\/pages"}],"about":[{"href":"https:\/\/biosphaerenkita.de\/index.php?rest_route=\/wp\/v2\/types\/page"}],"author":[{"embeddable":true,"href":"https:\/\/biosphaerenkita.de\/index.php?rest_route=\/wp\/v2\/users\/1"}],"replies":[{"embeddable":true,"href":"https:\/\/biosphaerenkita.de\/index.php?rest_route=%2Fwp%2Fv2%2Fcomments&post=17"}],"version-history":[{"count":17,"href":"https:\/\/biosphaerenkita.de\/index.php?rest_route=\/wp\/v2\/pages\/17\/revisions"}],"predecessor-version":[{"id":376,"href":"https:\/\/biosphaerenkita.de\/index.php?rest_route=\/wp\/v2\/pages\/17\/revisions\/376"}],"wp:attachment":[{"href":"https:\/\/biosphaerenkita.de\/index.php?rest_route=%2Fwp%2Fv2%2Fmedia&parent=17"}],"curies":[{"name":"wp","href":"https:\/\/api.w.org\/{rel}","templated":true}]}}