{"id":38,"date":"2024-04-30T12:50:49","date_gmt":"2024-04-30T10:50:49","guid":{"rendered":"https:\/\/kitab.willifix.net\/?page_id=38"},"modified":"2024-10-08T16:31:00","modified_gmt":"2024-10-08T14:31:00","slug":"startseite","status":"publish","type":"page","link":"https:\/\/biosphaerenkita.de\/","title":{"rendered":"Willlkommen"},"content":{"rendered":"\t\t<div data-elementor-type=\"wp-page\" data-elementor-id=\"38\" class=\"elementor elementor-38\">\n\t\t\t\t<div class=\"elementor-element elementor-element-29e897d2 e-flex e-con-boxed e-con e-parent\" data-id=\"29e897d2\" data-element_type=\"container\">\n\t\t\t\t\t<div class=\"e-con-inner\">\n\t\t\t\t<div class=\"elementor-element elementor-element-e5294f0 elementor-widget__width-initial elementor-widget elementor-widget-image\" data-id=\"e5294f0\" data-element_type=\"widget\" data-widget_type=\"image.default\">\n\t\t\t\t<div class=\"elementor-widget-container\">\n\t\t\t\t\t\t\t\t\t\t\t\t\t\t\t<img fetchpriority=\"high\" decoding=\"async\" width=\"300\" height=\"300\" src=\"https:\/\/biosphaerenkita.de\/wp-content\/uploads\/2024\/10\/cropped-kitalogo_med-300x300.png\" class=\"attachment-medium size-medium wp-image-115\" alt=\"\" srcset=\"https:\/\/biosphaerenkita.de\/wp-content\/uploads\/2024\/10\/cropped-kitalogo_med-300x300.png 300w, https:\/\/biosphaerenkita.de\/wp-content\/uploads\/2024\/10\/cropped-kitalogo_med-150x150.png 150w, https:\/\/biosphaerenkita.de\/wp-content\/uploads\/2024\/10\/cropped-kitalogo_med-500x500.png 500w, https:\/\/biosphaerenkita.de\/wp-content\/uploads\/2024\/10\/cropped-kitalogo_med-270x270.png 270w, https:\/\/biosphaerenkita.de\/wp-content\/uploads\/2024\/10\/cropped-kitalogo_med-192x192.png 192w, https:\/\/biosphaerenkita.de\/wp-content\/uploads\/2024\/10\/cropped-kitalogo_med-180x180.png 180w, https:\/\/biosphaerenkita.de\/wp-content\/uploads\/2024\/10\/cropped-kitalogo_med-32x32.png 32w, https:\/\/biosphaerenkita.de\/wp-content\/uploads\/2024\/10\/cropped-kitalogo_med.png 512w\" sizes=\"(max-width: 300px) 100vw, 300px\" \/>\t\t\t\t\t\t\t\t\t\t\t\t\t\t\t<\/div>\n\t\t\t\t<\/div>\n\t\t\t\t<div class=\"elementor-element elementor-element-8dd0a7f elementor-widget elementor-widget-heading\" data-id=\"8dd0a7f\" data-element_type=\"widget\" data-widget_type=\"heading.default\">\n\t\t\t\t<div class=\"elementor-widget-container\">\n\t\t\t\t\t<h5 class=\"elementor-heading-title elementor-size-default\"><br><br>Kath. Kindertagesst\u00e4tte Mari\u00e4 Himmelfahrt <\/h5>\t\t\t\t<\/div>\n\t\t\t\t<\/div>\n\t\t\t\t<div class=\"elementor-element elementor-element-1f788546 elementor-widget elementor-widget-text-editor\" data-id=\"1f788546\" data-element_type=\"widget\" data-widget_type=\"text-editor.default\">\n\t\t\t\t<div class=\"elementor-widget-container\">\n\t\t\t\t\t\t\t\t\t\n<p class=\"has-brown-color has-text-color has-link-color wp-elements-a591b3e79a1f59623493593d210f574b\">Willkommen in der Katholischen Kita Mari\u00e4 Himmelfahrt! Inmitten der idyllischen Landschaft des Biosph\u00e4renreservats Bliesgau, im Ortsteil Biesingen, bieten wir Ihrem Kind eine liebevolle und ganzheitliche Betreuung. Unsere Kita geh\u00f6rt zur Pfarrei Hl. Franz von Assisi und vermittelt christliche Werte, die das Miteinander und den Respekt vor der Sch\u00f6pfung in den Vordergrund stellen. Bei uns erleben Kinder t\u00e4glich spannende Abenteuer in einer sicheren und geborgenen Umgebung. Wir bieten 22 Ganztagspl\u00e4tze f\u00fcr Kinder unter 3 Jahren und 50 Ganztagspl\u00e4tze f\u00fcr Kinder ab 3 Jahren. Unser engagiertes Team, bestehend aus 15 p\u00e4dagogischen Fachkr\u00e4ften und zwei Hauswirtschaftskr\u00e4ften, arbeitet mit einem Konzept der &#8222;offenen Arbeit&#8220;, das auf den Bildungsbereichen des Saarl\u00e4ndischen Bildungsprogramms basiert. Besonders im Krippenbereich legen wir Wert auf feste Gruppenstrukturen, um den Kleinsten Sicherheit und Geborgenheit zu bieten. Das besondere an unserer Kita ist unser naturnahes Konzept, das sich an der Lehre des Hl. Franz von Assisi orientiert. Mit dem innovativen Projekt &#8222;Biosph\u00e4ren-Kita&#8220; schaffen wir einen einzigartigen Ort des Lernens und Entdeckens. Unsere Kita ist mehr als nur ein Ort f\u00fcr Kinderbetreuung \u2013 wir f\u00f6rdern die Vernetzung und den sozialen Zusammenhalt im Dorf. Eltern, Vereine und die Pfarrei sind herzlich eingeladen, den Garten mitzugestalten und zu nutzen. Durch die enge Zusammenarbeit mit der Gemeinde schaffen wir eine starke und nachhaltige Dorfgemeinschaft, in der sich jede Familie willkommen und integriert f\u00fchlt.<\/p>\n\n<p class=\"has-brown-color has-text-color has-link-color wp-elements-4583e5c8a7f9d4ba4483e31e3a54eda7\">Lernen Sie uns kennen und schenken Sie Ihrem Kind eine wertvolle Zeit voller Spa\u00df, Lernen und christlicher Werte in unserer Katholischen Kita Mari\u00e4 Himmelfahrt!<\/p>\n\t\t\t\t\t\t\t\t<\/div>\n\t\t\t\t<\/div>\n\t\t\t\t\t<\/div>\n\t\t\t\t<\/div>\n\t\t\t\t<\/div>\n\t\t","protected":false},"excerpt":{"rendered":"<p>Kath. Kindertagesst\u00e4tte Mari\u00e4 Himmelfahrt Willkommen in der Katholischen Kita Mari\u00e4 Himmelfahrt! Inmitten der idyllischen Landschaft des Biosph\u00e4renreservats Bliesgau, im Ortsteil Biesingen, bieten wir Ihrem Kind eine liebevolle und ganzheitliche Betreuung. Unsere Kita geh\u00f6rt zur Pfarrei Hl. Franz von Assisi und vermittelt christliche Werte, die das Miteinander und den Respekt vor [&hellip;]<\/p>\n","protected":false},"author":1,"featured_media":0,"parent":0,"menu_order":0,"comment_status":"closed","ping_status":"closed","template":"","meta":{"footnotes":""},"class_list":["post-38","page","type-page","status-publish","hentry"],"_links":{"self":[{"href":"https:\/\/biosphaerenkita.de\/index.php?rest_route=\/wp\/v2\/pages\/38","targetHints":{"allow":["GET"]}}],"collection":[{"href":"https:\/\/biosphaerenkita.de\/index.php?rest_route=\/wp\/v2\/pages"}],"about":[{"href":"https:\/\/biosphaerenkita.de\/index.php?rest_route=\/wp\/v2\/types\/page"}],"author":[{"embeddable":true,"href":"https:\/\/biosphaerenkita.de\/index.php?rest_route=\/wp\/v2\/users\/1"}],"replies":[{"embeddable":true,"href":"https:\/\/biosphaerenkita.de\/index.php?rest_route=%2Fwp%2Fv2%2Fcomments&post=38"}],"version-history":[{"count":28,"href":"https:\/\/biosphaerenkita.de\/index.php?rest_route=\/wp\/v2\/pages\/38\/revisions"}],"predecessor-version":[{"id":320,"href":"https:\/\/biosphaerenkita.de\/index.php?rest_route=\/wp\/v2\/pages\/38\/revisions\/320"}],"wp:attachment":[{"href":"https:\/\/biosphaerenkita.de\/index.php?rest_route=%2Fwp%2Fv2%2Fmedia&parent=38"}],"curies":[{"name":"wp","href":"https:\/\/api.w.org\/{rel}","templated":true}]}}